{"id":967,"date":"2019-08-25T14:06:52","date_gmt":"2019-08-25T14:06:52","guid":{"rendered":"https:\/\/thomas-inglesant.art\/a-propos\/"},"modified":"2022-02-05T13:26:20","modified_gmt":"2022-02-05T13:26:20","slug":"acerca-de","status":"publish","type":"page","link":"https:\/\/thomas-inglesant.art\/es\/acerca-de\/","title":{"rendered":"Acerca de"},"content":{"rendered":"<p>[et_pb_section fb_built=\u00bb1&#8243; custom_padding_last_edited=\u00bboff|desktop\u00bb admin_label=\u00bbHeader\u00bb _builder_version=\u00bb3.22&#8243; use_background_color_gradient=\u00bbon\u00bb background_color_gradient_start=\u00bbrgba(255,255,255,0.2)\u00bb background_color_gradient_end=\u00bb#ffffff\u00bb background_color_gradient_overlays_image=\u00bbon\u00bb background_image=\u00bbhttps:\/\/thomas-inglesant.art\/wp-content\/uploads\/2019\/08\/Vision-espagnole.jpg\u00bb max_width_tablet=\u00bb\u00bb max_width_phone=\u00bb\u00bb max_width_last_edited=\u00bbon|desktop\u00bb custom_padding=\u00bb10vw||10vw||true|\u00bb custom_padding_tablet=\u00bb5vw||5vw||true\u00bb locked=\u00bboff\u00bb global_colors_info=\u00bb{}\u00bb][et_pb_row _builder_version=\u00bb3.25&#8243; locked=\u00bboff\u00bb global_colors_info=\u00bb{}\u00bb][et_pb_column type=\u00bb4_4&#8243; _builder_version=\u00bb3.25&#8243; custom_padding=\u00bb|||\u00bb global_colors_info=\u00bb{}\u00bb custom_padding__hover=\u00bb|||\u00bb][et_pb_text _builder_version=\u00bb4.14.7&#8243; text_font=\u00bb||||||||\u00bb header_font=\u00bbPrata||||||||\u00bb header_text_align=\u00bbcenter\u00bb header_text_color=\u00bb#333333&#8243; header_font_size=\u00bb150px\u00bb header_2_font=\u00bb|700||on|||||\u00bb header_2_text_align=\u00bbleft\u00bb header_2_text_color=\u00bbrgba(0,0,0,0.45)\u00bb header_2_font_size=\u00bb14px\u00bb header_2_letter_spacing=\u00bb5px\u00bb header_2_line_height=\u00bb2em\u00bb max_width_tablet=\u00bb70%\u00bb max_width_last_edited=\u00bboff|phone\u00bb hover_enabled=\u00bb0&#8243; header_font_size_tablet=\u00bb80px\u00bb header_font_size_phone=\u00bb50px\u00bb header_font_size_last_edited=\u00bbon|phone\u00bb global_colors_info=\u00bb{}\u00bb sticky_enabled=\u00bb0&#8243;]<\/p>\n<h2>Acerca de<\/h2>\n<p>[\/et_pb_text][et_pb_text _builder_version=\u00bb4.14.7&#8243; text_font=\u00bb||||||||\u00bb header_font=\u00bbPrata||||||||\u00bb header_text_align=\u00bbleft\u00bb header_text_color=\u00bb#333333&#8243; header_font_size=\u00bb90px\u00bb header_2_font=\u00bb|500||on|||||\u00bb header_2_font_size=\u00bb14px\u00bb header_2_letter_spacing=\u00bb5px\u00bb header_2_line_height=\u00bb2em\u00bb max_width_tablet=\u00bb70%\u00bb max_width_last_edited=\u00bboff|phone\u00bb hover_enabled=\u00bb0&#8243; header_font_size_tablet=\u00bb80px\u00bb header_font_size_phone=\u00bb50px\u00bb header_font_size_last_edited=\u00bbon|phone\u00bb global_colors_info=\u00bb{}\u00bb sticky_enabled=\u00bb0&#8243;]<\/p>\n<h1>Thomas Inglesant<\/h1>\n<p>[\/et_pb_text][\/et_pb_column][\/et_pb_row][\/et_pb_section][et_pb_section fb_built=\u00bb1&#8243; admin_label=\u00bbExhibitions\u00bb _builder_version=\u00bb3.24&#8243; background_image=\u00bbhttp:\/\/ishtiaq.sandbox.etdevs.com\/divi\/wp-content\/uploads\/sites\/2\/2019\/06\/art-gallery-55.jpg\u00bb background_size=\u00bbinitial\u00bb background_repeat=\u00bbrepeat\u00bb custom_padding=\u00bb50px|0px|95px|0px|false|false\u00bb global_colors_info=\u00bb{}\u00bb][et_pb_row column_structure=\u00bb2_5,3_5&#8243; _builder_version=\u00bb3.27.3&#8243; global_colors_info=\u00bb{}\u00bb][et_pb_column type=\u00bb2_5&#8243; _builder_version=\u00bb3.27.3&#8243; global_colors_info=\u00bb{}\u00bb][et_pb_image src=\u00bbhttps:\/\/thomas-inglesant.art\/wp-content\/uploads\/2019\/09\/ThomasInglesant.png\u00bb _builder_version=\u00bb3.27.3&#8243; box_shadow_style=\u00bbpreset3&#8243; box_shadow_vertical=\u00bb20px\u00bb box_shadow_blur=\u00bb80px\u00bb box_shadow_spread=\u00bb0px\u00bb box_shadow_color=\u00bbrgba(67,58,122,0.2)\u00bb global_colors_info=\u00bb{}\u00bb][\/et_pb_image][\/et_pb_column][et_pb_column type=\u00bb3_5&#8243; _builder_version=\u00bb3.27.3&#8243; background_enable_color=\u00bboff\u00bb global_colors_info=\u00bb{}\u00bb][et_pb_cta _builder_version=\u00bb4.14.7&#8243; body_text_color=\u00bb#595959&#8243; body_font_size=\u00bb16px\u00bb background_color=\u00bb#ffffff\u00bb custom_margin=\u00bb130px|||-80px|false|false\u00bb custom_margin_tablet=\u00bb0px|||0px|false|false\u00bb custom_margin_phone=\u00bb\u00bb custom_margin_last_edited=\u00bbon|tablet\u00bb hover_enabled=\u00bb0&#8243; box_shadow_style=\u00bbpreset3&#8243; box_shadow_horizontal=\u00bb-70px\u00bb box_shadow_vertical=\u00bb70px\u00bb box_shadow_blur=\u00bb80px\u00bb box_shadow_spread=\u00bb0px\u00bb box_shadow_color=\u00bbrgba(67,58,122,0.1)\u00bb global_colors_info=\u00bb{}\u00bb sticky_enabled=\u00bb0&#8243;]<\/p>\n<p style=\"text-align: center;\">Thomas,\u2026 Ingl\u00e9s de nacimiento, Franc\u00e9s de adopci\u00f3n, Hispan\u00f3filo\u2026.siempre el mismo acento por varias d\u00e9cadas\u2026..<\/p>\n<p style=\"text-align: center;\">Su campo de exploraci\u00f3n art\u00edstica va desde la acuarela al \u00f3leo, pasando por el acr\u00edlico\u2026.con, siempre, dibujo y m\u00e1s dibujo.<\/p>\n<p style=\"text-align: center;\">Los bocetos de Espa\u00f1a, Francia e Inglaterra son la expresi\u00f3n de su vida interior. Los paisajes que subliman la naturaleza son su objetivo final. Abstracciones que expresan con color lo que las palabras no pueden decir.<\/p>\n<p style=\"text-align: center;\">\u00abSi pudieras decirlo con palabras, no habr\u00eda raz\u00f3n para pintarlo\u00bb E.Hopper<\/p>\n<p>[\/et_pb_cta][\/et_pb_column][\/et_pb_row][\/et_pb_section]<\/p>\n","protected":false},"excerpt":{"rendered":"<p>Acerca deThomas InglesantThomas,\u2026 Ingl\u00e9s de nacimiento, Franc\u00e9s de adopci\u00f3n, Hispan\u00f3filo\u2026.siempre el mismo acento por varias d\u00e9cadas\u2026.. Su campo de exploraci\u00f3n art\u00edstica va desde la acuarela al \u00f3leo, pasando por el acr\u00edlico\u2026.con, siempre, dibujo y m\u00e1s dibujo. Los bocetos de Espa\u00f1a, Francia e Inglaterra son la expresi\u00f3n de su vida interior. Los paisajes que subliman la [&hellip;]<\/p>\n","protected":false},"author":3,"featured_media":0,"parent":0,"menu_order":0,"comment_status":"closed","ping_status":"closed","template":"","meta":{"_et_pb_use_builder":"on","_et_pb_old_content":"<!-- wp:divi\/placeholder \/-->","_et_gb_content_width":"","_mi_skip_tracking":false,"footnotes":""},"class_list":["post-967","page","type-page","status-publish","hentry"],"yoast_head":"<!-- This site is optimized with the Yoast SEO plugin v24.9 - https:\/\/yoast.com\/wordpress\/plugins\/seo\/ -->\n<title>Acerca de - Thomas Inglesant<\/title>\n<meta name=\"description\" content=\"Thomas Inglesant explore l\u2019aquarelle, l\u2019huile, en passant par l\u2019acrylique\u2026.avec, toujours, du dessin et encore du dessin.\" \/>\n<meta name=\"robots\" content=\"index, follow, max-snippet:-1, max-image-preview:large, max-video-preview:-1\" \/>\n<link rel=\"canonical\" href=\"https:\/\/thomas-inglesant.art\/es\/acerca-de\/\" \/>\n<meta property=\"og:locale\" content=\"es_ES\" \/>\n<meta property=\"og:type\" content=\"article\" \/>\n<meta property=\"og:title\" content=\"Acerca de - Thomas Inglesant\" \/>\n<meta property=\"og:description\" content=\"Thomas Inglesant explore l\u2019aquarelle, l\u2019huile, en passant par l\u2019acrylique\u2026.avec, toujours, du dessin et encore du dessin.\" \/>\n<meta property=\"og:url\" content=\"https:\/\/thomas-inglesant.art\/es\/acerca-de\/\" \/>\n<meta property=\"og:site_name\" content=\"Thomas Inglesant\" \/>\n<meta property=\"article:modified_time\" content=\"2022-02-05T13:26:20+00:00\" \/>\n<meta name=\"twitter:card\" content=\"summary_large_image\" \/>\n<meta name=\"twitter:label1\" content=\"Tiempo de lectura\" \/>\n\t<meta name=\"twitter:data1\" content=\"2 minutos\" \/>\n<script type=\"application\/ld+json\" class=\"yoast-schema-graph\">{\"@context\":\"https:\/\/schema.org\",\"@graph\":[{\"@type\":\"WebPage\",\"@id\":\"https:\/\/thomas-inglesant.art\/es\/acerca-de\/\",\"url\":\"https:\/\/thomas-inglesant.art\/es\/acerca-de\/\",\"name\":\"Acerca de - Thomas Inglesant\",\"isPartOf\":{\"@id\":\"https:\/\/thomas-inglesant.art\/#website\"},\"datePublished\":\"2019-08-25T14:06:52+00:00\",\"dateModified\":\"2022-02-05T13:26:20+00:00\",\"description\":\"Thomas Inglesant explore l\u2019aquarelle, l\u2019huile, en passant par l\u2019acrylique\u2026.avec, toujours, du dessin et encore du dessin.\",\"breadcrumb\":{\"@id\":\"https:\/\/thomas-inglesant.art\/es\/acerca-de\/#breadcrumb\"},\"inLanguage\":\"es\",\"potentialAction\":[{\"@type\":\"ReadAction\",\"target\":[\"https:\/\/thomas-inglesant.art\/es\/acerca-de\/\"]}]},{\"@type\":\"BreadcrumbList\",\"@id\":\"https:\/\/thomas-inglesant.art\/es\/acerca-de\/#breadcrumb\",\"itemListElement\":[{\"@type\":\"ListItem\",\"position\":1,\"name\":\"Accueil\",\"item\":\"https:\/\/thomas-inglesant.art\/es\/\"},{\"@type\":\"ListItem\",\"position\":2,\"name\":\"Acerca de\"}]},{\"@type\":\"WebSite\",\"@id\":\"https:\/\/thomas-inglesant.art\/#website\",\"url\":\"https:\/\/thomas-inglesant.art\/\",\"name\":\"Thomas Inglesant\",\"description\":\"Artiste peintre\",\"potentialAction\":[{\"@type\":\"SearchAction\",\"target\":{\"@type\":\"EntryPoint\",\"urlTemplate\":\"https:\/\/thomas-inglesant.art\/?s={search_term_string}\"},\"query-input\":{\"@type\":\"PropertyValueSpecification\",\"valueRequired\":true,\"valueName\":\"search_term_string\"}}],\"inLanguage\":\"es\"}]}<\/script>\n<!-- \/ Yoast SEO plugin. -->","yoast_head_json":{"title":"Acerca de - Thomas Inglesant","description":"Thomas Inglesant explore l\u2019aquarelle, l\u2019huile, en passant par l\u2019acrylique\u2026.avec, toujours, du dessin et encore du dessin.","robots":{"index":"index","follow":"follow","max-snippet":"max-snippet:-1","max-image-preview":"max-image-preview:large","max-video-preview":"max-video-preview:-1"},"canonical":"https:\/\/thomas-inglesant.art\/es\/acerca-de\/","og_locale":"es_ES","og_type":"article","og_title":"Acerca de - Thomas Inglesant","og_description":"Thomas Inglesant explore l\u2019aquarelle, l\u2019huile, en passant par l\u2019acrylique\u2026.avec, toujours, du dessin et encore du dessin.","og_url":"https:\/\/thomas-inglesant.art\/es\/acerca-de\/","og_site_name":"Thomas Inglesant","article_modified_time":"2022-02-05T13:26:20+00:00","twitter_card":"summary_large_image","twitter_misc":{"Tiempo de lectura":"2 minutos"},"schema":{"@context":"https:\/\/schema.org","@graph":[{"@type":"WebPage","@id":"https:\/\/thomas-inglesant.art\/es\/acerca-de\/","url":"https:\/\/thomas-inglesant.art\/es\/acerca-de\/","name":"Acerca de - Thomas Inglesant","isPartOf":{"@id":"https:\/\/thomas-inglesant.art\/#website"},"datePublished":"2019-08-25T14:06:52+00:00","dateModified":"2022-02-05T13:26:20+00:00","description":"Thomas Inglesant explore l\u2019aquarelle, l\u2019huile, en passant par l\u2019acrylique\u2026.avec, toujours, du dessin et encore du dessin.","breadcrumb":{"@id":"https:\/\/thomas-inglesant.art\/es\/acerca-de\/#breadcrumb"},"inLanguage":"es","potentialAction":[{"@type":"ReadAction","target":["https:\/\/thomas-inglesant.art\/es\/acerca-de\/"]}]},{"@type":"BreadcrumbList","@id":"https:\/\/thomas-inglesant.art\/es\/acerca-de\/#breadcrumb","itemListElement":[{"@type":"ListItem","position":1,"name":"Accueil","item":"https:\/\/thomas-inglesant.art\/es\/"},{"@type":"ListItem","position":2,"name":"Acerca de"}]},{"@type":"WebSite","@id":"https:\/\/thomas-inglesant.art\/#website","url":"https:\/\/thomas-inglesant.art\/","name":"Thomas Inglesant","description":"Artiste peintre","potentialAction":[{"@type":"SearchAction","target":{"@type":"EntryPoint","urlTemplate":"https:\/\/thomas-inglesant.art\/?s={search_term_string}"},"query-input":{"@type":"PropertyValueSpecification","valueRequired":true,"valueName":"search_term_string"}}],"inLanguage":"es"}]}},"_links":{"self":[{"href":"https:\/\/thomas-inglesant.art\/es\/wp-json\/wp\/v2\/pages\/967","targetHints":{"allow":["GET"]}}],"collection":[{"href":"https:\/\/thomas-inglesant.art\/es\/wp-json\/wp\/v2\/pages"}],"about":[{"href":"https:\/\/thomas-inglesant.art\/es\/wp-json\/wp\/v2\/types\/page"}],"author":[{"embeddable":true,"href":"https:\/\/thomas-inglesant.art\/es\/wp-json\/wp\/v2\/users\/3"}],"replies":[{"embeddable":true,"href":"https:\/\/thomas-inglesant.art\/es\/wp-json\/wp\/v2\/comments?post=967"}],"version-history":[{"count":2,"href":"https:\/\/thomas-inglesant.art\/es\/wp-json\/wp\/v2\/pages\/967\/revisions"}],"predecessor-version":[{"id":989,"href":"https:\/\/thomas-inglesant.art\/es\/wp-json\/wp\/v2\/pages\/967\/revisions\/989"}],"wp:attachment":[{"href":"https:\/\/thomas-inglesant.art\/es\/wp-json\/wp\/v2\/media?parent=967"}],"curies":[{"name":"wp","href":"https:\/\/api.w.org\/{rel}","templated":true}]}}